{"id":7524,"date":"2018-09-01T23:07:57","date_gmt":"2018-09-01T21:07:57","guid":{"rendered":"https:\/\/gethowies.com\/se\/?post_type=product&#038;p=7524"},"modified":"2022-11-29T07:59:35","modified_gmt":"2022-11-29T06:59:35","slug":"quick-dry-mic-hockey-towel","status":"publish","type":"product","link":"https:\/\/gethowies.com\/se\/produkt\/quick-dry-mic-hockey-towel\/","title":{"rendered":"Hockey Multi Wipe Microfiber"},"content":{"rendered":"<p>Det \u00e4r viktigt att ta hand om sin utrustning f\u00f6r att prestera p\u00e5 topp, undvik rostiga skenor och smutsiga visir med v\u00e5r Microfiber handduk. Den har m\u00e5nga anv\u00e4ndningsomr\u00e5den och kan exempelvis anv\u00e4ndas till att torka av skenorna, torka av visiret eller bara som svetthandduk mellan perioderna. <\/p>\n<p>&#8211; 100% Polyester<br \/>\n&#8211; Easy Care &#8211; Kan maskin eller handtv\u00e4ttas<\/p>\n","protected":false},"excerpt":{"rendered":"<p>Det \u00e4r viktigt att ta hand om sin utrustning f\u00f6r att prestera p\u00e5 topp, undvik rostiga skenor och smutsiga visir med v\u00e5r Microfiber handduk. Den har m\u00e5nga anv\u00e4ndningsomr\u00e5den och kan exempelvis anv\u00e4ndas till att torka av skenorna, torka av visiret eller bara som svetthandduk mellan perioderna. &#8211; 100% Polyester &#8211; Easy Care &#8211; Kan maskin [&#8230;]\n","protected":false},"featured_media":7521,"comment_status":"open","ping_status":"closed","template":"","meta":{"inline_featured_image":false},"product_brand":[],"product_cat":[155],"product_tag":[],"class_list":{"0":"post-7524","1":"product","2":"type-product","3":"status-publish","4":"has-post-thumbnail","6":"product_cat-handdukar","8":"first","9":"instock","10":"shipping-taxable","11":"purchasable","12":"product-type-simple"},"yoast_head":"<!-- This site is optimized with the Yoast SEO plugin v27.5 - https:\/\/yoast.com\/product\/yoast-seo-wordpress\/ -->\n<title>Hockey Multi Wipe Microfiber - Howies Hockey Sverige<\/title>\n<meta name=\"robots\" content=\"index, follow, max-snippet:-1, max-image-preview:large, max-video-preview:-1\" \/>\n<link rel=\"canonical\" href=\"https:\/\/gethowies.com\/se\/produkt\/quick-dry-mic-hockey-towel\/\" \/>\n<meta property=\"og:locale\" content=\"sv_SE\" \/>\n<meta property=\"og:type\" content=\"article\" \/>\n<meta property=\"og:title\" content=\"Hockey Multi Wipe Microfiber - Howies Hockey Sverige\" \/>\n<meta property=\"og:description\" content=\"Det \u00e4r viktigt att ta hand om sin utrustning f\u00f6r att prestera p\u00e5 topp, undvik rostiga skenor och smutsiga visir med v\u00e5r Microfiber handduk. Den har m\u00e5nga anv\u00e4ndningsomr\u00e5den och kan exempelvis anv\u00e4ndas till att torka av skenorna, torka av visiret eller bara som svetthandduk mellan perioderna. &#8211; 100% Polyester &#8211; Easy Care &#8211; Kan maskin [...]\" \/>\n<meta property=\"og:url\" content=\"https:\/\/gethowies.com\/se\/produkt\/quick-dry-mic-hockey-towel\/\" \/>\n<meta property=\"og:site_name\" content=\"Howies Hockey Sverige\" \/>\n<meta property=\"article:modified_time\" content=\"2022-11-29T06:59:35+00:00\" \/>\n<meta property=\"og:image\" content=\"https:\/\/gethowies.com\/se\/wp-content\/uploads\/sites\/2\/2018\/09\/hht_microfiber_cloth.jpg\" \/>\n\t<meta property=\"og:image:width\" content=\"1020\" \/>\n\t<meta property=\"og:image:height\" content=\"1020\" \/>\n\t<meta property=\"og:image:type\" content=\"image\/jpeg\" \/>\n<meta name=\"twitter:card\" content=\"summary_large_image\" \/>\n<script type=\"application\/ld+json\" class=\"yoast-schema-graph\">{\"@context\":\"https:\\\/\\\/schema.org\",\"@graph\":[{\"@type\":\"WebPage\",\"@id\":\"https:\\\/\\\/gethowies.com\\\/se\\\/produkt\\\/quick-dry-mic-hockey-towel\\\/\",\"url\":\"https:\\\/\\\/gethowies.com\\\/se\\\/produkt\\\/quick-dry-mic-hockey-towel\\\/\",\"name\":\"Hockey Multi Wipe Microfiber - Howies Hockey Sverige\",\"isPartOf\":{\"@id\":\"https:\\\/\\\/gethowies.com\\\/se\\\/#website\"},\"primaryImageOfPage\":{\"@id\":\"https:\\\/\\\/gethowies.com\\\/se\\\/produkt\\\/quick-dry-mic-hockey-towel\\\/#primaryimage\"},\"image\":{\"@id\":\"https:\\\/\\\/gethowies.com\\\/se\\\/produkt\\\/quick-dry-mic-hockey-towel\\\/#primaryimage\"},\"thumbnailUrl\":\"https:\\\/\\\/gethowies.com\\\/se\\\/wp-content\\\/uploads\\\/sites\\\/2\\\/2018\\\/09\\\/hht_microfiber_cloth.jpg\",\"datePublished\":\"2018-09-01T21:07:57+00:00\",\"dateModified\":\"2022-11-29T06:59:35+00:00\",\"breadcrumb\":{\"@id\":\"https:\\\/\\\/gethowies.com\\\/se\\\/produkt\\\/quick-dry-mic-hockey-towel\\\/#breadcrumb\"},\"inLanguage\":\"sv-SE\",\"potentialAction\":[{\"@type\":\"ReadAction\",\"target\":[\"https:\\\/\\\/gethowies.com\\\/se\\\/produkt\\\/quick-dry-mic-hockey-towel\\\/\"]}]},{\"@type\":\"ImageObject\",\"inLanguage\":\"sv-SE\",\"@id\":\"https:\\\/\\\/gethowies.com\\\/se\\\/produkt\\\/quick-dry-mic-hockey-towel\\\/#primaryimage\",\"url\":\"https:\\\/\\\/gethowies.com\\\/se\\\/wp-content\\\/uploads\\\/sites\\\/2\\\/2018\\\/09\\\/hht_microfiber_cloth.jpg\",\"contentUrl\":\"https:\\\/\\\/gethowies.com\\\/se\\\/wp-content\\\/uploads\\\/sites\\\/2\\\/2018\\\/09\\\/hht_microfiber_cloth.jpg\",\"width\":1020,\"height\":1020},{\"@type\":\"BreadcrumbList\",\"@id\":\"https:\\\/\\\/gethowies.com\\\/se\\\/produkt\\\/quick-dry-mic-hockey-towel\\\/#breadcrumb\",\"itemListElement\":[{\"@type\":\"ListItem\",\"position\":1,\"name\":\"Hem\",\"item\":\"https:\\\/\\\/gethowies.com\\\/se\\\/\"},{\"@type\":\"ListItem\",\"position\":2,\"name\":\"Shop\",\"item\":\"https:\\\/\\\/gethowies.com\\\/se\\\/shop\\\/\"},{\"@type\":\"ListItem\",\"position\":3,\"name\":\"Hockey Multi Wipe Microfiber\"}]},{\"@type\":\"WebSite\",\"@id\":\"https:\\\/\\\/gethowies.com\\\/se\\\/#website\",\"url\":\"https:\\\/\\\/gethowies.com\\\/se\\\/\",\"name\":\"Howies Hockey Sverige\",\"description\":\"\",\"potentialAction\":[{\"@type\":\"SearchAction\",\"target\":{\"@type\":\"EntryPoint\",\"urlTemplate\":\"https:\\\/\\\/gethowies.com\\\/se\\\/?s={search_term_string}\"},\"query-input\":{\"@type\":\"PropertyValueSpecification\",\"valueRequired\":true,\"valueName\":\"search_term_string\"}}],\"inLanguage\":\"sv-SE\"}]}<\/script>\n<!-- \/ Yoast SEO plugin. -->","yoast_head_json":{"title":"Hockey Multi Wipe Microfiber - Howies Hockey Sverige","robots":{"index":"index","follow":"follow","max-snippet":"max-snippet:-1","max-image-preview":"max-image-preview:large","max-video-preview":"max-video-preview:-1"},"canonical":"https:\/\/gethowies.com\/se\/produkt\/quick-dry-mic-hockey-towel\/","og_locale":"sv_SE","og_type":"article","og_title":"Hockey Multi Wipe Microfiber - Howies Hockey Sverige","og_description":"Det \u00e4r viktigt att ta hand om sin utrustning f\u00f6r att prestera p\u00e5 topp, undvik rostiga skenor och smutsiga visir med v\u00e5r Microfiber handduk. Den har m\u00e5nga anv\u00e4ndningsomr\u00e5den och kan exempelvis anv\u00e4ndas till att torka av skenorna, torka av visiret eller bara som svetthandduk mellan perioderna. &#8211; 100% Polyester &#8211; Easy Care &#8211; Kan maskin [...]","og_url":"https:\/\/gethowies.com\/se\/produkt\/quick-dry-mic-hockey-towel\/","og_site_name":"Howies Hockey Sverige","article_modified_time":"2022-11-29T06:59:35+00:00","og_image":[{"width":1020,"height":1020,"url":"https:\/\/gethowies.com\/se\/wp-content\/uploads\/sites\/2\/2018\/09\/hht_microfiber_cloth.jpg","type":"image\/jpeg"}],"twitter_card":"summary_large_image","schema":{"@context":"https:\/\/schema.org","@graph":[{"@type":"WebPage","@id":"https:\/\/gethowies.com\/se\/produkt\/quick-dry-mic-hockey-towel\/","url":"https:\/\/gethowies.com\/se\/produkt\/quick-dry-mic-hockey-towel\/","name":"Hockey Multi Wipe Microfiber - Howies Hockey Sverige","isPartOf":{"@id":"https:\/\/gethowies.com\/se\/#website"},"primaryImageOfPage":{"@id":"https:\/\/gethowies.com\/se\/produkt\/quick-dry-mic-hockey-towel\/#primaryimage"},"image":{"@id":"https:\/\/gethowies.com\/se\/produkt\/quick-dry-mic-hockey-towel\/#primaryimage"},"thumbnailUrl":"https:\/\/gethowies.com\/se\/wp-content\/uploads\/sites\/2\/2018\/09\/hht_microfiber_cloth.jpg","datePublished":"2018-09-01T21:07:57+00:00","dateModified":"2022-11-29T06:59:35+00:00","breadcrumb":{"@id":"https:\/\/gethowies.com\/se\/produkt\/quick-dry-mic-hockey-towel\/#breadcrumb"},"inLanguage":"sv-SE","potentialAction":[{"@type":"ReadAction","target":["https:\/\/gethowies.com\/se\/produkt\/quick-dry-mic-hockey-towel\/"]}]},{"@type":"ImageObject","inLanguage":"sv-SE","@id":"https:\/\/gethowies.com\/se\/produkt\/quick-dry-mic-hockey-towel\/#primaryimage","url":"https:\/\/gethowies.com\/se\/wp-content\/uploads\/sites\/2\/2018\/09\/hht_microfiber_cloth.jpg","contentUrl":"https:\/\/gethowies.com\/se\/wp-content\/uploads\/sites\/2\/2018\/09\/hht_microfiber_cloth.jpg","width":1020,"height":1020},{"@type":"BreadcrumbList","@id":"https:\/\/gethowies.com\/se\/produkt\/quick-dry-mic-hockey-towel\/#breadcrumb","itemListElement":[{"@type":"ListItem","position":1,"name":"Hem","item":"https:\/\/gethowies.com\/se\/"},{"@type":"ListItem","position":2,"name":"Shop","item":"https:\/\/gethowies.com\/se\/shop\/"},{"@type":"ListItem","position":3,"name":"Hockey Multi Wipe Microfiber"}]},{"@type":"WebSite","@id":"https:\/\/gethowies.com\/se\/#website","url":"https:\/\/gethowies.com\/se\/","name":"Howies Hockey Sverige","description":"","potentialAction":[{"@type":"SearchAction","target":{"@type":"EntryPoint","urlTemplate":"https:\/\/gethowies.com\/se\/?s={search_term_string}"},"query-input":{"@type":"PropertyValueSpecification","valueRequired":true,"valueName":"search_term_string"}}],"inLanguage":"sv-SE"}]}},"_links":{"self":[{"href":"https:\/\/gethowies.com\/se\/wp-json\/wp\/v2\/product\/7524","targetHints":{"allow":["GET"]}}],"collection":[{"href":"https:\/\/gethowies.com\/se\/wp-json\/wp\/v2\/product"}],"about":[{"href":"https:\/\/gethowies.com\/se\/wp-json\/wp\/v2\/types\/product"}],"replies":[{"embeddable":true,"href":"https:\/\/gethowies.com\/se\/wp-json\/wp\/v2\/comments?post=7524"}],"wp:featuredmedia":[{"embeddable":true,"href":"https:\/\/gethowies.com\/se\/wp-json\/wp\/v2\/media\/7521"}],"wp:attachment":[{"href":"https:\/\/gethowies.com\/se\/wp-json\/wp\/v2\/media?parent=7524"}],"wp:term":[{"taxonomy":"product_brand","embeddable":true,"href":"https:\/\/gethowies.com\/se\/wp-json\/wp\/v2\/product_brand?post=7524"},{"taxonomy":"product_cat","embeddable":true,"href":"https:\/\/gethowies.com\/se\/wp-json\/wp\/v2\/product_cat?post=7524"},{"taxonomy":"product_tag","embeddable":true,"href":"https:\/\/gethowies.com\/se\/wp-json\/wp\/v2\/product_tag?post=7524"}],"curies":[{"name":"wp","href":"https:\/\/api.w.org\/{rel}","templated":true}]}}