{"id":76,"date":"2018-08-14T20:58:26","date_gmt":"2018-08-14T18:58:26","guid":{"rendered":"https:\/\/gethowies.com\/se\/produkt\/import-placeholder-for-364\/"},"modified":"2022-06-07T15:28:53","modified_gmt":"2022-06-07T13:28:53","slug":"howies-vaxade-skridskosnoren-svarta","status":"publish","type":"product","link":"https:\/\/gethowies.com\/se\/produkt\/howies-vaxade-skridskosnoren-svarta\/","title":{"rendered":"Howies Vaxade Skridskosn\u00f6ren Svarta"},"content":{"rendered":"<h3>31 NHL lag<\/h3>\n<p>Howies Skridskosn\u00f6ren Svarta Vaxade anv\u00e4nds av spelare i NHL och SHL och av spelare som bara n\u00f6jer sig med det absolut b\u00e4sta. Howies Skridskosn\u00f6ren Svarta Vaxade \u00e4r v\u00e5r PRO modell som special tillverkas f\u00f6r oss i Kanada. V\u00e5r fabrik har levererat skridskosn\u00f6ren till alla NHL sedan 80 talet och finns idag i alla 31 lags omkl\u00e4dningsrum. Dagens skridskor kr\u00e4ver perfekta skridskosn\u00f6ren d\u00e5 skridskorna \u00e4r styva och formade.<\/p>\n<h3>Extremt slitstarka<\/h3>\n<p>Howies Skridskosn\u00f6ren Svarta Vaxade tillverkas av en perfekt blandning av bomull och polyester som g\u00f6r dem extremt slitstarka och h\u00e5ller l\u00e4ngre \u00e4n andra j\u00e4mf\u00f6rande m\u00e4rken M\u00e4ngden vax som appliceras p\u00e5 \u00e4r noggrant avv\u00e4gt s\u00e5 att skridskorna l\u00e4tt skall kunna knytas, skridskosn\u00f6rena skall sitta p\u00e5 plats perioden igenom utan att beh\u00f6va knytas om och oavsett kyla blir inte skridskosn\u00f6rena styva och h\u00e5rda. \u00a0Vi har alla sett d\u00e5liga skridskosn\u00f6ren som g\u00e5r av vid f\u00f6rsta eller andra sn\u00f6rningen, som p\u00e5 grund utav f\u00f6r mycket vax inte g\u00e5r knyta p\u00e5 ordentligt, som l\u00e4mnar en mindre vax burk i h\u00e4nderna och som ger dig skavs\u00e5r i h\u00e4nderna. Med Howies Skridskosn\u00f6ren Svarta Vaxade s\u00e5 l\u00e4mnar du dem problem till andra och vi kan garantera efter att Du har anv\u00e4nt v\u00e5ra Howies Skridskosn\u00f6ren Svarta Vaxade s\u00e5 kommer du aldrig att vilja anv\u00e4nda n\u00e5gra andra skridskosn\u00f6ren.<\/p>\n<h3>Snygg f\u00f6rpackning<\/h3>\n<p>Howies Skridskosn\u00f6ren Svarta Vaxade levereras i en special designad box som h\u00e5ller skridskosn\u00f6rena fr\u00e4scha tills du packar upp dem. Boxen har ocks\u00e5 en storleks guide p\u00e5 backsidan med l\u00e4ngd rekommendationer f\u00f6r olika skridskostorlekar V\u00e5ra PRO Modeller av Howies Skridskosn\u00f6ren Svarta Vaxade finns i tre olika l\u00e4ngder 244 cm, 274 cm och 304 cm samt i tre olika f\u00e4rger vita, svarta och gula<\/p>\n<p>Howies Skridskosn\u00f6ren Svarta Vaxade tillverkas i <strong>KANADA<\/strong><\/p>\n","protected":false},"excerpt":{"rendered":"<p><font size=\"2\"color=\"black\"><strong>F\u00e4rg<\/strong> &#8211; Svart<\/font><\/p>\n<div class=\"boxarna\">\n<ul>\n<li><a href=\"..\/howies-vaxade-skridskosnoren-vita\/\">\n<div class=\"white\"><\/div>\n<p><\/a><\/li>\n<li class=\"ccurrent\"><a href=\"..\/howies-vaxade-skridskosnoren-svarta\/\">\n<div class=\"black\">\n  <\/div>\n<p><\/a><\/li>\n<li><a href=\"..\/howies-vaxade-skridskosnoren-bla\/\">\n<div class=\"blue\">\n  <\/div>\n<p><\/a><\/li>\n<li><a href=\"..\/howies-vaxade-skridskosnoren-lila\/\">\n<div class=\"purple\">\n  <\/div>\n<p><\/a><\/li>\n<li><a href=\"..\/howies-vaxade-skridskosnoren-sky\/\">\n<div class=\"sky\">\n  <\/div>\n<p><\/a><\/li>\n<li><a href=\"..\/howies-vaxade-skridskosnoren-gron\/\">\n<div class=\"green\">\n  <\/div>\n<p><\/a><\/li>\n<li><a href=\"..\/howies-vaxade-skridskosnoren-lime\/\">\n<div class=\"neon\">\n  <\/div>\n<p><\/a><\/li>\n<li><a href=\"..\/howies-vaxade-skridskosnoren-silver\/\">\n<div class=\"silver\">\n  <\/div>\n<p><\/a><\/li>\n<li><a href=\"..\/howies-vaxade-skridskosnoren-gula\/\">\n<div class=\"yellow\">\n  <\/div>\n<p><\/a><\/li>\n<li><a href=\"..\/howies-vaxade-skridskosnoren-orange\/\">\n<div class=\"orange\">\n  <\/div>\n<p><\/a><\/li>\n<li><a href=\"..\/howies-vaxade-skridskosnoren-rosa\/\">\n<div class=\"pink\">\n  <\/div>\n<p><\/a><\/li>\n<li><a href=\"..\/howies-vaxade-skridskosnoren-rod\/\">\n<div class=\"red\">\n  <\/div>\n<p><\/a><\/li>\n<li><a href=\"..\/howies-vaxade-skridskosnoren-camo\/\">\n<div class=\"camo\">\n  <\/div>\n<p><\/a><\/li>\n<\/ul>\n<\/div>\n","protected":false},"featured_media":117,"comment_status":"closed","ping_status":"closed","template":"","meta":{"inline_featured_image":false},"product_brand":[],"product_cat":[40,41],"product_tag":[],"class_list":{"0":"post-76","1":"product","2":"type-product","3":"status-publish","4":"has-post-thumbnail","6":"product_cat-anvands-i-nhl","7":"product_cat-vaxade-snoren","9":"first","10":"instock","11":"shipping-taxable","12":"purchasable","13":"product-type-variable","14":"has-default-attributes"},"yoast_head":"<!-- This site is optimized with the Yoast SEO plugin v27.5 - https:\/\/yoast.com\/product\/yoast-seo-wordpress\/ -->\n<title>Howies Vaxade Skridskosn\u00f6ren Svarta - Howies Hockey Sverige<\/title>\n<meta name=\"robots\" content=\"index, follow, max-snippet:-1, max-image-preview:large, max-video-preview:-1\" \/>\n<link rel=\"canonical\" href=\"https:\/\/gethowies.com\/se\/produkt\/howies-vaxade-skridskosnoren-svarta\/\" \/>\n<meta property=\"og:locale\" content=\"sv_SE\" \/>\n<meta property=\"og:type\" content=\"article\" \/>\n<meta property=\"og:title\" content=\"Howies Vaxade Skridskosn\u00f6ren Svarta - Howies Hockey Sverige\" \/>\n<meta property=\"og:description\" content=\"F\u00e4rg - Svart\" \/>\n<meta property=\"og:url\" content=\"https:\/\/gethowies.com\/se\/produkt\/howies-vaxade-skridskosnoren-svarta\/\" \/>\n<meta property=\"og:site_name\" content=\"Howies Hockey Sverige\" \/>\n<meta property=\"article:modified_time\" content=\"2022-06-07T13:28:53+00:00\" \/>\n<meta property=\"og:image\" content=\"https:\/\/gethowies.com\/se\/wp-content\/uploads\/sites\/2\/2018\/08\/hh-laces-black-1020.jpg\" \/>\n\t<meta property=\"og:image:width\" content=\"1020\" \/>\n\t<meta property=\"og:image:height\" content=\"1020\" \/>\n\t<meta property=\"og:image:type\" content=\"image\/jpeg\" \/>\n<meta name=\"twitter:card\" content=\"summary_large_image\" \/>\n<meta name=\"twitter:label1\" content=\"Ber\u00e4knad l\u00e4stid\" \/>\n\t<meta name=\"twitter:data1\" content=\"2 minuter\" \/>\n<script type=\"application\/ld+json\" class=\"yoast-schema-graph\">{\"@context\":\"https:\\\/\\\/schema.org\",\"@graph\":[{\"@type\":\"WebPage\",\"@id\":\"https:\\\/\\\/gethowies.com\\\/se\\\/produkt\\\/howies-vaxade-skridskosnoren-svarta\\\/\",\"url\":\"https:\\\/\\\/gethowies.com\\\/se\\\/produkt\\\/howies-vaxade-skridskosnoren-svarta\\\/\",\"name\":\"Howies Vaxade Skridskosn\u00f6ren Svarta - Howies Hockey Sverige\",\"isPartOf\":{\"@id\":\"https:\\\/\\\/gethowies.com\\\/se\\\/#website\"},\"primaryImageOfPage\":{\"@id\":\"https:\\\/\\\/gethowies.com\\\/se\\\/produkt\\\/howies-vaxade-skridskosnoren-svarta\\\/#primaryimage\"},\"image\":{\"@id\":\"https:\\\/\\\/gethowies.com\\\/se\\\/produkt\\\/howies-vaxade-skridskosnoren-svarta\\\/#primaryimage\"},\"thumbnailUrl\":\"https:\\\/\\\/gethowies.com\\\/se\\\/wp-content\\\/uploads\\\/sites\\\/2\\\/2018\\\/08\\\/hh-laces-black-1020.jpg\",\"datePublished\":\"2018-08-14T18:58:26+00:00\",\"dateModified\":\"2022-06-07T13:28:53+00:00\",\"breadcrumb\":{\"@id\":\"https:\\\/\\\/gethowies.com\\\/se\\\/produkt\\\/howies-vaxade-skridskosnoren-svarta\\\/#breadcrumb\"},\"inLanguage\":\"sv-SE\",\"potentialAction\":[{\"@type\":\"ReadAction\",\"target\":[\"https:\\\/\\\/gethowies.com\\\/se\\\/produkt\\\/howies-vaxade-skridskosnoren-svarta\\\/\"]}]},{\"@type\":\"ImageObject\",\"inLanguage\":\"sv-SE\",\"@id\":\"https:\\\/\\\/gethowies.com\\\/se\\\/produkt\\\/howies-vaxade-skridskosnoren-svarta\\\/#primaryimage\",\"url\":\"https:\\\/\\\/gethowies.com\\\/se\\\/wp-content\\\/uploads\\\/sites\\\/2\\\/2018\\\/08\\\/hh-laces-black-1020.jpg\",\"contentUrl\":\"https:\\\/\\\/gethowies.com\\\/se\\\/wp-content\\\/uploads\\\/sites\\\/2\\\/2018\\\/08\\\/hh-laces-black-1020.jpg\",\"width\":1020,\"height\":1020},{\"@type\":\"BreadcrumbList\",\"@id\":\"https:\\\/\\\/gethowies.com\\\/se\\\/produkt\\\/howies-vaxade-skridskosnoren-svarta\\\/#breadcrumb\",\"itemListElement\":[{\"@type\":\"ListItem\",\"position\":1,\"name\":\"Hem\",\"item\":\"https:\\\/\\\/gethowies.com\\\/se\\\/\"},{\"@type\":\"ListItem\",\"position\":2,\"name\":\"Shop\",\"item\":\"https:\\\/\\\/gethowies.com\\\/se\\\/shop\\\/\"},{\"@type\":\"ListItem\",\"position\":3,\"name\":\"Howies Vaxade Skridskosn\u00f6ren Svarta\"}]},{\"@type\":\"WebSite\",\"@id\":\"https:\\\/\\\/gethowies.com\\\/se\\\/#website\",\"url\":\"https:\\\/\\\/gethowies.com\\\/se\\\/\",\"name\":\"Howies Hockey Sverige\",\"description\":\"\",\"potentialAction\":[{\"@type\":\"SearchAction\",\"target\":{\"@type\":\"EntryPoint\",\"urlTemplate\":\"https:\\\/\\\/gethowies.com\\\/se\\\/?s={search_term_string}\"},\"query-input\":{\"@type\":\"PropertyValueSpecification\",\"valueRequired\":true,\"valueName\":\"search_term_string\"}}],\"inLanguage\":\"sv-SE\"}]}<\/script>\n<!-- \/ Yoast SEO plugin. -->","yoast_head_json":{"title":"Howies Vaxade Skridskosn\u00f6ren Svarta - Howies Hockey Sverige","robots":{"index":"index","follow":"follow","max-snippet":"max-snippet:-1","max-image-preview":"max-image-preview:large","max-video-preview":"max-video-preview:-1"},"canonical":"https:\/\/gethowies.com\/se\/produkt\/howies-vaxade-skridskosnoren-svarta\/","og_locale":"sv_SE","og_type":"article","og_title":"Howies Vaxade Skridskosn\u00f6ren Svarta - Howies Hockey Sverige","og_description":"F\u00e4rg - Svart","og_url":"https:\/\/gethowies.com\/se\/produkt\/howies-vaxade-skridskosnoren-svarta\/","og_site_name":"Howies Hockey Sverige","article_modified_time":"2022-06-07T13:28:53+00:00","og_image":[{"width":1020,"height":1020,"url":"https:\/\/gethowies.com\/se\/wp-content\/uploads\/sites\/2\/2018\/08\/hh-laces-black-1020.jpg","type":"image\/jpeg"}],"twitter_card":"summary_large_image","twitter_misc":{"Ber\u00e4knad l\u00e4stid":"2 minuter"},"schema":{"@context":"https:\/\/schema.org","@graph":[{"@type":"WebPage","@id":"https:\/\/gethowies.com\/se\/produkt\/howies-vaxade-skridskosnoren-svarta\/","url":"https:\/\/gethowies.com\/se\/produkt\/howies-vaxade-skridskosnoren-svarta\/","name":"Howies Vaxade Skridskosn\u00f6ren Svarta - Howies Hockey Sverige","isPartOf":{"@id":"https:\/\/gethowies.com\/se\/#website"},"primaryImageOfPage":{"@id":"https:\/\/gethowies.com\/se\/produkt\/howies-vaxade-skridskosnoren-svarta\/#primaryimage"},"image":{"@id":"https:\/\/gethowies.com\/se\/produkt\/howies-vaxade-skridskosnoren-svarta\/#primaryimage"},"thumbnailUrl":"https:\/\/gethowies.com\/se\/wp-content\/uploads\/sites\/2\/2018\/08\/hh-laces-black-1020.jpg","datePublished":"2018-08-14T18:58:26+00:00","dateModified":"2022-06-07T13:28:53+00:00","breadcrumb":{"@id":"https:\/\/gethowies.com\/se\/produkt\/howies-vaxade-skridskosnoren-svarta\/#breadcrumb"},"inLanguage":"sv-SE","potentialAction":[{"@type":"ReadAction","target":["https:\/\/gethowies.com\/se\/produkt\/howies-vaxade-skridskosnoren-svarta\/"]}]},{"@type":"ImageObject","inLanguage":"sv-SE","@id":"https:\/\/gethowies.com\/se\/produkt\/howies-vaxade-skridskosnoren-svarta\/#primaryimage","url":"https:\/\/gethowies.com\/se\/wp-content\/uploads\/sites\/2\/2018\/08\/hh-laces-black-1020.jpg","contentUrl":"https:\/\/gethowies.com\/se\/wp-content\/uploads\/sites\/2\/2018\/08\/hh-laces-black-1020.jpg","width":1020,"height":1020},{"@type":"BreadcrumbList","@id":"https:\/\/gethowies.com\/se\/produkt\/howies-vaxade-skridskosnoren-svarta\/#breadcrumb","itemListElement":[{"@type":"ListItem","position":1,"name":"Hem","item":"https:\/\/gethowies.com\/se\/"},{"@type":"ListItem","position":2,"name":"Shop","item":"https:\/\/gethowies.com\/se\/shop\/"},{"@type":"ListItem","position":3,"name":"Howies Vaxade Skridskosn\u00f6ren Svarta"}]},{"@type":"WebSite","@id":"https:\/\/gethowies.com\/se\/#website","url":"https:\/\/gethowies.com\/se\/","name":"Howies Hockey Sverige","description":"","potentialAction":[{"@type":"SearchAction","target":{"@type":"EntryPoint","urlTemplate":"https:\/\/gethowies.com\/se\/?s={search_term_string}"},"query-input":{"@type":"PropertyValueSpecification","valueRequired":true,"valueName":"search_term_string"}}],"inLanguage":"sv-SE"}]}},"_links":{"self":[{"href":"https:\/\/gethowies.com\/se\/wp-json\/wp\/v2\/product\/76","targetHints":{"allow":["GET"]}}],"collection":[{"href":"https:\/\/gethowies.com\/se\/wp-json\/wp\/v2\/product"}],"about":[{"href":"https:\/\/gethowies.com\/se\/wp-json\/wp\/v2\/types\/product"}],"replies":[{"embeddable":true,"href":"https:\/\/gethowies.com\/se\/wp-json\/wp\/v2\/comments?post=76"}],"wp:featuredmedia":[{"embeddable":true,"href":"https:\/\/gethowies.com\/se\/wp-json\/wp\/v2\/media\/117"}],"wp:attachment":[{"href":"https:\/\/gethowies.com\/se\/wp-json\/wp\/v2\/media?parent=76"}],"wp:term":[{"taxonomy":"product_brand","embeddable":true,"href":"https:\/\/gethowies.com\/se\/wp-json\/wp\/v2\/product_brand?post=76"},{"taxonomy":"product_cat","embeddable":true,"href":"https:\/\/gethowies.com\/se\/wp-json\/wp\/v2\/product_cat?post=76"},{"taxonomy":"product_tag","embeddable":true,"href":"https:\/\/gethowies.com\/se\/wp-json\/wp\/v2\/product_tag?post=76"}],"curies":[{"name":"wp","href":"https:\/\/api.w.org\/{rel}","templated":true}]}}