{"id":834,"date":"2017-03-13T22:07:34","date_gmt":"2017-03-13T21:07:34","guid":{"rendered":"https:\/\/hockeylife.se\/?post_type=product&#038;p=834"},"modified":"2022-06-07T15:35:45","modified_gmt":"2022-06-07T13:35:45","slug":"howies-hockey-wax","status":"publish","type":"product","link":"https:\/\/gethowies.com\/se\/produkt\/howies-hockey-wax\/","title":{"rendered":"Howies Hockey Wax"},"content":{"rendered":"<h3>F\u00f6rb\u00e4ttrar din klubbteknik och skott<\/h3>\n<p>Howies Hockey Wax f\u00f6rb\u00e4ttrar din klubbteknik och ditt skott. Howies Hockey Vax \u00e4r det perfekta hockey vaxet p\u00e5 marknaden. N\u00e4r vi utvecklade v\u00e5rt hockey vax testade vi \u00f6ver 10 olika kombinationer av hockey vax f\u00f6r att hitta den perfekta kombinationen av hockey vax. Howies Hockey Vax har en h\u00f6gre kombination av mikrokrystaline \u00e4n tidigare hockey vax f\u00f6r att f\u00f6rebygga isbildning p\u00e5 bladet.<\/p>\n<h3>F\u00f6rhindrar sn\u00f6 fr\u00e5n att fastna<\/h3>\n<p>Howies Hockey Vax 2.0 f\u00f6rhindrar effektivt sn\u00f6 fr\u00e5n att byggas upp p\u00e5 bladet, Howies Stick Wax skapar en hinna som motverkar sn\u00f6 fr\u00e5n att fastna och bilda en ishinna. Howies Hockey Wax ger dig ett isfritt blad med en l\u00e4tt klibbig hinna som \u00f6kar puckens rotation vid skott.<\/p>\n<p>Howies Stick Wax f\u00f6rb\u00e4ttrar \u00e4ven klubbtekniken d\u00e5 vaxets l\u00e4tt klibbiga och isfria yta ger dig fritt spelrum att briljera.<\/p>\n<h3>Specialdesignad aluminumburk<\/h3>\n<p>Howies Hockey Vax levereras i en special designad aluminium burk som skyddar vaxet fr\u00e5n att torka och att bli smutsigt i bagen. Howies Hockey Vax v\u00e4ger 85 gram och vid normalt anv\u00e4ndande r\u00e4cker 1 burk med Howies Hockey Vax till ca 40 ggr.<\/p>\n<p>Howies Hockey Vax tillverkas i Nordamerika<\/p>\n","protected":false},"excerpt":{"rendered":"<p>F\u00f6rb\u00e4ttrar din klubbteknik och skott Howies Hockey Wax f\u00f6rb\u00e4ttrar din klubbteknik och ditt skott. Howies Hockey Vax \u00e4r det perfekta hockey vaxet p\u00e5 marknaden. N\u00e4r vi utvecklade v\u00e5rt hockey vax testade vi \u00f6ver 10 olika kombinationer av hockey vax f\u00f6r att hitta den perfekta kombinationen av hockey vax. Howies Hockey Vax har en h\u00f6gre kombination [&#8230;]\n","protected":false},"featured_media":4222,"comment_status":"open","ping_status":"closed","template":"","meta":{"inline_featured_image":false},"product_brand":[],"product_cat":[142],"product_tag":[],"class_list":{"0":"post-834","1":"product","2":"type-product","3":"status-publish","4":"has-post-thumbnail","6":"product_cat-stickwax","8":"first","9":"instock","10":"shipping-taxable","11":"purchasable","12":"product-type-simple"},"yoast_head":"<!-- This site is optimized with the Yoast SEO plugin v27.5 - https:\/\/yoast.com\/product\/yoast-seo-wordpress\/ -->\n<title>Howies Hockey Wax - Howies Hockey Sverige<\/title>\n<meta name=\"robots\" content=\"index, follow, max-snippet:-1, max-image-preview:large, max-video-preview:-1\" \/>\n<link rel=\"canonical\" href=\"https:\/\/gethowies.com\/se\/produkt\/howies-hockey-wax\/\" \/>\n<meta property=\"og:locale\" content=\"sv_SE\" \/>\n<meta property=\"og:type\" content=\"article\" \/>\n<meta property=\"og:title\" content=\"Howies Hockey Wax - Howies Hockey Sverige\" \/>\n<meta property=\"og:description\" content=\"F\u00f6rb\u00e4ttrar din klubbteknik och skott Howies Hockey Wax f\u00f6rb\u00e4ttrar din klubbteknik och ditt skott. Howies Hockey Vax \u00e4r det perfekta hockey vaxet p\u00e5 marknaden. N\u00e4r vi utvecklade v\u00e5rt hockey vax testade vi \u00f6ver 10 olika kombinationer av hockey vax f\u00f6r att hitta den perfekta kombinationen av hockey vax. Howies Hockey Vax har en h\u00f6gre kombination [...]\" \/>\n<meta property=\"og:url\" content=\"https:\/\/gethowies.com\/se\/produkt\/howies-hockey-wax\/\" \/>\n<meta property=\"og:site_name\" content=\"Howies Hockey Sverige\" \/>\n<meta property=\"article:modified_time\" content=\"2022-06-07T13:35:45+00:00\" \/>\n<meta property=\"og:image\" content=\"https:\/\/gethowies.com\/se\/wp-content\/uploads\/sites\/2\/2017\/03\/waxtin-hht.jpg\" \/>\n\t<meta property=\"og:image:width\" content=\"1020\" \/>\n\t<meta property=\"og:image:height\" content=\"1020\" \/>\n\t<meta property=\"og:image:type\" content=\"image\/jpeg\" \/>\n<meta name=\"twitter:card\" content=\"summary_large_image\" \/>\n<meta name=\"twitter:label1\" content=\"Ber\u00e4knad l\u00e4stid\" \/>\n\t<meta name=\"twitter:data1\" content=\"1 minut\" \/>\n<script type=\"application\/ld+json\" class=\"yoast-schema-graph\">{\"@context\":\"https:\\\/\\\/schema.org\",\"@graph\":[{\"@type\":\"WebPage\",\"@id\":\"https:\\\/\\\/gethowies.com\\\/se\\\/produkt\\\/howies-hockey-wax\\\/\",\"url\":\"https:\\\/\\\/gethowies.com\\\/se\\\/produkt\\\/howies-hockey-wax\\\/\",\"name\":\"Howies Hockey Wax - Howies Hockey Sverige\",\"isPartOf\":{\"@id\":\"https:\\\/\\\/gethowies.com\\\/se\\\/#website\"},\"primaryImageOfPage\":{\"@id\":\"https:\\\/\\\/gethowies.com\\\/se\\\/produkt\\\/howies-hockey-wax\\\/#primaryimage\"},\"image\":{\"@id\":\"https:\\\/\\\/gethowies.com\\\/se\\\/produkt\\\/howies-hockey-wax\\\/#primaryimage\"},\"thumbnailUrl\":\"https:\\\/\\\/gethowies.com\\\/se\\\/wp-content\\\/uploads\\\/sites\\\/2\\\/2017\\\/03\\\/waxtin-hht.jpg\",\"datePublished\":\"2017-03-13T21:07:34+00:00\",\"dateModified\":\"2022-06-07T13:35:45+00:00\",\"breadcrumb\":{\"@id\":\"https:\\\/\\\/gethowies.com\\\/se\\\/produkt\\\/howies-hockey-wax\\\/#breadcrumb\"},\"inLanguage\":\"sv-SE\",\"potentialAction\":[{\"@type\":\"ReadAction\",\"target\":[\"https:\\\/\\\/gethowies.com\\\/se\\\/produkt\\\/howies-hockey-wax\\\/\"]}]},{\"@type\":\"ImageObject\",\"inLanguage\":\"sv-SE\",\"@id\":\"https:\\\/\\\/gethowies.com\\\/se\\\/produkt\\\/howies-hockey-wax\\\/#primaryimage\",\"url\":\"https:\\\/\\\/gethowies.com\\\/se\\\/wp-content\\\/uploads\\\/sites\\\/2\\\/2017\\\/03\\\/waxtin-hht.jpg\",\"contentUrl\":\"https:\\\/\\\/gethowies.com\\\/se\\\/wp-content\\\/uploads\\\/sites\\\/2\\\/2017\\\/03\\\/waxtin-hht.jpg\",\"width\":1020,\"height\":1020,\"caption\":\"vax i burk\"},{\"@type\":\"BreadcrumbList\",\"@id\":\"https:\\\/\\\/gethowies.com\\\/se\\\/produkt\\\/howies-hockey-wax\\\/#breadcrumb\",\"itemListElement\":[{\"@type\":\"ListItem\",\"position\":1,\"name\":\"Hem\",\"item\":\"https:\\\/\\\/gethowies.com\\\/se\\\/\"},{\"@type\":\"ListItem\",\"position\":2,\"name\":\"Shop\",\"item\":\"https:\\\/\\\/gethowies.com\\\/se\\\/shop\\\/\"},{\"@type\":\"ListItem\",\"position\":3,\"name\":\"Howies Hockey Wax\"}]},{\"@type\":\"WebSite\",\"@id\":\"https:\\\/\\\/gethowies.com\\\/se\\\/#website\",\"url\":\"https:\\\/\\\/gethowies.com\\\/se\\\/\",\"name\":\"Howies Hockey Sverige\",\"description\":\"\",\"potentialAction\":[{\"@type\":\"SearchAction\",\"target\":{\"@type\":\"EntryPoint\",\"urlTemplate\":\"https:\\\/\\\/gethowies.com\\\/se\\\/?s={search_term_string}\"},\"query-input\":{\"@type\":\"PropertyValueSpecification\",\"valueRequired\":true,\"valueName\":\"search_term_string\"}}],\"inLanguage\":\"sv-SE\"}]}<\/script>\n<!-- \/ Yoast SEO plugin. -->","yoast_head_json":{"title":"Howies Hockey Wax - Howies Hockey Sverige","robots":{"index":"index","follow":"follow","max-snippet":"max-snippet:-1","max-image-preview":"max-image-preview:large","max-video-preview":"max-video-preview:-1"},"canonical":"https:\/\/gethowies.com\/se\/produkt\/howies-hockey-wax\/","og_locale":"sv_SE","og_type":"article","og_title":"Howies Hockey Wax - Howies Hockey Sverige","og_description":"F\u00f6rb\u00e4ttrar din klubbteknik och skott Howies Hockey Wax f\u00f6rb\u00e4ttrar din klubbteknik och ditt skott. Howies Hockey Vax \u00e4r det perfekta hockey vaxet p\u00e5 marknaden. N\u00e4r vi utvecklade v\u00e5rt hockey vax testade vi \u00f6ver 10 olika kombinationer av hockey vax f\u00f6r att hitta den perfekta kombinationen av hockey vax. Howies Hockey Vax har en h\u00f6gre kombination [...]","og_url":"https:\/\/gethowies.com\/se\/produkt\/howies-hockey-wax\/","og_site_name":"Howies Hockey Sverige","article_modified_time":"2022-06-07T13:35:45+00:00","og_image":[{"width":1020,"height":1020,"url":"https:\/\/gethowies.com\/se\/wp-content\/uploads\/sites\/2\/2017\/03\/waxtin-hht.jpg","type":"image\/jpeg"}],"twitter_card":"summary_large_image","twitter_misc":{"Ber\u00e4knad l\u00e4stid":"1 minut"},"schema":{"@context":"https:\/\/schema.org","@graph":[{"@type":"WebPage","@id":"https:\/\/gethowies.com\/se\/produkt\/howies-hockey-wax\/","url":"https:\/\/gethowies.com\/se\/produkt\/howies-hockey-wax\/","name":"Howies Hockey Wax - Howies Hockey Sverige","isPartOf":{"@id":"https:\/\/gethowies.com\/se\/#website"},"primaryImageOfPage":{"@id":"https:\/\/gethowies.com\/se\/produkt\/howies-hockey-wax\/#primaryimage"},"image":{"@id":"https:\/\/gethowies.com\/se\/produkt\/howies-hockey-wax\/#primaryimage"},"thumbnailUrl":"https:\/\/gethowies.com\/se\/wp-content\/uploads\/sites\/2\/2017\/03\/waxtin-hht.jpg","datePublished":"2017-03-13T21:07:34+00:00","dateModified":"2022-06-07T13:35:45+00:00","breadcrumb":{"@id":"https:\/\/gethowies.com\/se\/produkt\/howies-hockey-wax\/#breadcrumb"},"inLanguage":"sv-SE","potentialAction":[{"@type":"ReadAction","target":["https:\/\/gethowies.com\/se\/produkt\/howies-hockey-wax\/"]}]},{"@type":"ImageObject","inLanguage":"sv-SE","@id":"https:\/\/gethowies.com\/se\/produkt\/howies-hockey-wax\/#primaryimage","url":"https:\/\/gethowies.com\/se\/wp-content\/uploads\/sites\/2\/2017\/03\/waxtin-hht.jpg","contentUrl":"https:\/\/gethowies.com\/se\/wp-content\/uploads\/sites\/2\/2017\/03\/waxtin-hht.jpg","width":1020,"height":1020,"caption":"vax i burk"},{"@type":"BreadcrumbList","@id":"https:\/\/gethowies.com\/se\/produkt\/howies-hockey-wax\/#breadcrumb","itemListElement":[{"@type":"ListItem","position":1,"name":"Hem","item":"https:\/\/gethowies.com\/se\/"},{"@type":"ListItem","position":2,"name":"Shop","item":"https:\/\/gethowies.com\/se\/shop\/"},{"@type":"ListItem","position":3,"name":"Howies Hockey Wax"}]},{"@type":"WebSite","@id":"https:\/\/gethowies.com\/se\/#website","url":"https:\/\/gethowies.com\/se\/","name":"Howies Hockey Sverige","description":"","potentialAction":[{"@type":"SearchAction","target":{"@type":"EntryPoint","urlTemplate":"https:\/\/gethowies.com\/se\/?s={search_term_string}"},"query-input":{"@type":"PropertyValueSpecification","valueRequired":true,"valueName":"search_term_string"}}],"inLanguage":"sv-SE"}]}},"_links":{"self":[{"href":"https:\/\/gethowies.com\/se\/wp-json\/wp\/v2\/product\/834","targetHints":{"allow":["GET"]}}],"collection":[{"href":"https:\/\/gethowies.com\/se\/wp-json\/wp\/v2\/product"}],"about":[{"href":"https:\/\/gethowies.com\/se\/wp-json\/wp\/v2\/types\/product"}],"replies":[{"embeddable":true,"href":"https:\/\/gethowies.com\/se\/wp-json\/wp\/v2\/comments?post=834"}],"wp:featuredmedia":[{"embeddable":true,"href":"https:\/\/gethowies.com\/se\/wp-json\/wp\/v2\/media\/4222"}],"wp:attachment":[{"href":"https:\/\/gethowies.com\/se\/wp-json\/wp\/v2\/media?parent=834"}],"wp:term":[{"taxonomy":"product_brand","embeddable":true,"href":"https:\/\/gethowies.com\/se\/wp-json\/wp\/v2\/product_brand?post=834"},{"taxonomy":"product_cat","embeddable":true,"href":"https:\/\/gethowies.com\/se\/wp-json\/wp\/v2\/product_cat?post=834"},{"taxonomy":"product_tag","embeddable":true,"href":"https:\/\/gethowies.com\/se\/wp-json\/wp\/v2\/product_tag?post=834"}],"curies":[{"name":"wp","href":"https:\/\/api.w.org\/{rel}","templated":true}]}}