{"id":8617,"date":"2023-08-09T18:19:43","date_gmt":"2023-08-09T16:19:43","guid":{"rendered":"https:\/\/gethowies.com\/se\/?post_type=product&#038;p=8617"},"modified":"2024-11-28T23:16:59","modified_gmt":"2024-11-28T22:16:59","slug":"hockey-mom-beanie-svart","status":"publish","type":"product","link":"https:\/\/gethowies.com\/se\/produkt\/hockey-mom-beanie-svart\/","title":{"rendered":"Hockey Mom Beanie (Svart)"},"content":{"rendered":"","protected":false},"excerpt":{"rendered":"<p>&#8211; M\u00f6ssa fr\u00e5n Hockey lifestyle clothing company<br \/>\n&#8211; One size fits all<br \/>\n&#8211; Finns i flera f\u00e4rger<\/p>\n","protected":false},"featured_media":8618,"comment_status":"closed","ping_status":"closed","template":"","meta":{"inline_featured_image":false},"product_brand":[],"product_cat":[35],"product_tag":[],"class_list":{"0":"post-8617","1":"product","2":"type-product","3":"status-publish","4":"has-post-thumbnail","6":"product_cat-kepsar-mossor","8":"first","9":"instock","10":"shipping-taxable","11":"purchasable","12":"product-type-simple"},"yoast_head":"<!-- This site is optimized with the Yoast SEO plugin v27.5 - https:\/\/yoast.com\/product\/yoast-seo-wordpress\/ -->\n<title>Hockey Mom Beanie (Svart) - Howies Hockey Sverige<\/title>\n<meta name=\"description\" content=\"Snygg hockey mom beanie f\u00f6r kalla dagar i ishallen. One size fits all. Ett m\u00e5ste f\u00f6r alla hockey mammor.\" \/>\n<meta name=\"robots\" content=\"index, follow, max-snippet:-1, max-image-preview:large, max-video-preview:-1\" \/>\n<link rel=\"canonical\" href=\"https:\/\/gethowies.com\/se\/produkt\/hockey-mom-beanie-svart\/\" \/>\n<meta property=\"og:locale\" content=\"sv_SE\" \/>\n<meta property=\"og:type\" content=\"article\" \/>\n<meta property=\"og:title\" content=\"Hockey Mom Beanie (Svart) - Howies Hockey Sverige\" \/>\n<meta property=\"og:description\" content=\"Snygg hockey mom beanie f\u00f6r kalla dagar i ishallen. One size fits all. Ett m\u00e5ste f\u00f6r alla hockey mammor.\" \/>\n<meta property=\"og:url\" content=\"https:\/\/gethowies.com\/se\/produkt\/hockey-mom-beanie-svart\/\" \/>\n<meta property=\"og:site_name\" content=\"Howies Hockey Sverige\" \/>\n<meta property=\"article:modified_time\" content=\"2024-11-28T22:16:59+00:00\" \/>\n<meta property=\"og:image\" content=\"https:\/\/gethowies.com\/se\/wp-content\/uploads\/sites\/2\/2023\/08\/Beanie-black-hockeymum.jpg\" \/>\n\t<meta property=\"og:image:width\" content=\"800\" \/>\n\t<meta property=\"og:image:height\" content=\"800\" \/>\n\t<meta property=\"og:image:type\" content=\"image\/jpeg\" \/>\n<meta name=\"twitter:card\" content=\"summary_large_image\" \/>\n<script type=\"application\/ld+json\" class=\"yoast-schema-graph\">{\"@context\":\"https:\\\/\\\/schema.org\",\"@graph\":[{\"@type\":\"WebPage\",\"@id\":\"https:\\\/\\\/gethowies.com\\\/se\\\/produkt\\\/hockey-mom-beanie-svart\\\/\",\"url\":\"https:\\\/\\\/gethowies.com\\\/se\\\/produkt\\\/hockey-mom-beanie-svart\\\/\",\"name\":\"Hockey Mom Beanie (Svart) - Howies Hockey Sverige\",\"isPartOf\":{\"@id\":\"https:\\\/\\\/gethowies.com\\\/se\\\/#website\"},\"primaryImageOfPage\":{\"@id\":\"https:\\\/\\\/gethowies.com\\\/se\\\/produkt\\\/hockey-mom-beanie-svart\\\/#primaryimage\"},\"image\":{\"@id\":\"https:\\\/\\\/gethowies.com\\\/se\\\/produkt\\\/hockey-mom-beanie-svart\\\/#primaryimage\"},\"thumbnailUrl\":\"https:\\\/\\\/gethowies.com\\\/se\\\/wp-content\\\/uploads\\\/sites\\\/2\\\/2023\\\/08\\\/Beanie-black-hockeymum.jpg\",\"datePublished\":\"2023-08-09T16:19:43+00:00\",\"dateModified\":\"2024-11-28T22:16:59+00:00\",\"description\":\"Snygg hockey mom beanie f\u00f6r kalla dagar i ishallen. One size fits all. Ett m\u00e5ste f\u00f6r alla hockey mammor.\",\"breadcrumb\":{\"@id\":\"https:\\\/\\\/gethowies.com\\\/se\\\/produkt\\\/hockey-mom-beanie-svart\\\/#breadcrumb\"},\"inLanguage\":\"sv-SE\",\"potentialAction\":[{\"@type\":\"ReadAction\",\"target\":[\"https:\\\/\\\/gethowies.com\\\/se\\\/produkt\\\/hockey-mom-beanie-svart\\\/\"]}]},{\"@type\":\"ImageObject\",\"inLanguage\":\"sv-SE\",\"@id\":\"https:\\\/\\\/gethowies.com\\\/se\\\/produkt\\\/hockey-mom-beanie-svart\\\/#primaryimage\",\"url\":\"https:\\\/\\\/gethowies.com\\\/se\\\/wp-content\\\/uploads\\\/sites\\\/2\\\/2023\\\/08\\\/Beanie-black-hockeymum.jpg\",\"contentUrl\":\"https:\\\/\\\/gethowies.com\\\/se\\\/wp-content\\\/uploads\\\/sites\\\/2\\\/2023\\\/08\\\/Beanie-black-hockeymum.jpg\",\"width\":800,\"height\":800},{\"@type\":\"BreadcrumbList\",\"@id\":\"https:\\\/\\\/gethowies.com\\\/se\\\/produkt\\\/hockey-mom-beanie-svart\\\/#breadcrumb\",\"itemListElement\":[{\"@type\":\"ListItem\",\"position\":1,\"name\":\"Hem\",\"item\":\"https:\\\/\\\/gethowies.com\\\/se\\\/\"},{\"@type\":\"ListItem\",\"position\":2,\"name\":\"Shop\",\"item\":\"https:\\\/\\\/gethowies.com\\\/se\\\/shop\\\/\"},{\"@type\":\"ListItem\",\"position\":3,\"name\":\"Hockey Mom Beanie (Svart)\"}]},{\"@type\":\"WebSite\",\"@id\":\"https:\\\/\\\/gethowies.com\\\/se\\\/#website\",\"url\":\"https:\\\/\\\/gethowies.com\\\/se\\\/\",\"name\":\"Howies Hockey Sverige\",\"description\":\"\",\"potentialAction\":[{\"@type\":\"SearchAction\",\"target\":{\"@type\":\"EntryPoint\",\"urlTemplate\":\"https:\\\/\\\/gethowies.com\\\/se\\\/?s={search_term_string}\"},\"query-input\":{\"@type\":\"PropertyValueSpecification\",\"valueRequired\":true,\"valueName\":\"search_term_string\"}}],\"inLanguage\":\"sv-SE\"}]}<\/script>\n<!-- \/ Yoast SEO plugin. -->","yoast_head_json":{"title":"Hockey Mom Beanie (Svart) - Howies Hockey Sverige","description":"Snygg hockey mom beanie f\u00f6r kalla dagar i ishallen. One size fits all. Ett m\u00e5ste f\u00f6r alla hockey mammor.","robots":{"index":"index","follow":"follow","max-snippet":"max-snippet:-1","max-image-preview":"max-image-preview:large","max-video-preview":"max-video-preview:-1"},"canonical":"https:\/\/gethowies.com\/se\/produkt\/hockey-mom-beanie-svart\/","og_locale":"sv_SE","og_type":"article","og_title":"Hockey Mom Beanie (Svart) - Howies Hockey Sverige","og_description":"Snygg hockey mom beanie f\u00f6r kalla dagar i ishallen. One size fits all. Ett m\u00e5ste f\u00f6r alla hockey mammor.","og_url":"https:\/\/gethowies.com\/se\/produkt\/hockey-mom-beanie-svart\/","og_site_name":"Howies Hockey Sverige","article_modified_time":"2024-11-28T22:16:59+00:00","og_image":[{"width":800,"height":800,"url":"https:\/\/gethowies.com\/se\/wp-content\/uploads\/sites\/2\/2023\/08\/Beanie-black-hockeymum.jpg","type":"image\/jpeg"}],"twitter_card":"summary_large_image","schema":{"@context":"https:\/\/schema.org","@graph":[{"@type":"WebPage","@id":"https:\/\/gethowies.com\/se\/produkt\/hockey-mom-beanie-svart\/","url":"https:\/\/gethowies.com\/se\/produkt\/hockey-mom-beanie-svart\/","name":"Hockey Mom Beanie (Svart) - Howies Hockey Sverige","isPartOf":{"@id":"https:\/\/gethowies.com\/se\/#website"},"primaryImageOfPage":{"@id":"https:\/\/gethowies.com\/se\/produkt\/hockey-mom-beanie-svart\/#primaryimage"},"image":{"@id":"https:\/\/gethowies.com\/se\/produkt\/hockey-mom-beanie-svart\/#primaryimage"},"thumbnailUrl":"https:\/\/gethowies.com\/se\/wp-content\/uploads\/sites\/2\/2023\/08\/Beanie-black-hockeymum.jpg","datePublished":"2023-08-09T16:19:43+00:00","dateModified":"2024-11-28T22:16:59+00:00","description":"Snygg hockey mom beanie f\u00f6r kalla dagar i ishallen. One size fits all. Ett m\u00e5ste f\u00f6r alla hockey mammor.","breadcrumb":{"@id":"https:\/\/gethowies.com\/se\/produkt\/hockey-mom-beanie-svart\/#breadcrumb"},"inLanguage":"sv-SE","potentialAction":[{"@type":"ReadAction","target":["https:\/\/gethowies.com\/se\/produkt\/hockey-mom-beanie-svart\/"]}]},{"@type":"ImageObject","inLanguage":"sv-SE","@id":"https:\/\/gethowies.com\/se\/produkt\/hockey-mom-beanie-svart\/#primaryimage","url":"https:\/\/gethowies.com\/se\/wp-content\/uploads\/sites\/2\/2023\/08\/Beanie-black-hockeymum.jpg","contentUrl":"https:\/\/gethowies.com\/se\/wp-content\/uploads\/sites\/2\/2023\/08\/Beanie-black-hockeymum.jpg","width":800,"height":800},{"@type":"BreadcrumbList","@id":"https:\/\/gethowies.com\/se\/produkt\/hockey-mom-beanie-svart\/#breadcrumb","itemListElement":[{"@type":"ListItem","position":1,"name":"Hem","item":"https:\/\/gethowies.com\/se\/"},{"@type":"ListItem","position":2,"name":"Shop","item":"https:\/\/gethowies.com\/se\/shop\/"},{"@type":"ListItem","position":3,"name":"Hockey Mom Beanie (Svart)"}]},{"@type":"WebSite","@id":"https:\/\/gethowies.com\/se\/#website","url":"https:\/\/gethowies.com\/se\/","name":"Howies Hockey Sverige","description":"","potentialAction":[{"@type":"SearchAction","target":{"@type":"EntryPoint","urlTemplate":"https:\/\/gethowies.com\/se\/?s={search_term_string}"},"query-input":{"@type":"PropertyValueSpecification","valueRequired":true,"valueName":"search_term_string"}}],"inLanguage":"sv-SE"}]}},"_links":{"self":[{"href":"https:\/\/gethowies.com\/se\/wp-json\/wp\/v2\/product\/8617","targetHints":{"allow":["GET"]}}],"collection":[{"href":"https:\/\/gethowies.com\/se\/wp-json\/wp\/v2\/product"}],"about":[{"href":"https:\/\/gethowies.com\/se\/wp-json\/wp\/v2\/types\/product"}],"replies":[{"embeddable":true,"href":"https:\/\/gethowies.com\/se\/wp-json\/wp\/v2\/comments?post=8617"}],"wp:featuredmedia":[{"embeddable":true,"href":"https:\/\/gethowies.com\/se\/wp-json\/wp\/v2\/media\/8618"}],"wp:attachment":[{"href":"https:\/\/gethowies.com\/se\/wp-json\/wp\/v2\/media?parent=8617"}],"wp:term":[{"taxonomy":"product_brand","embeddable":true,"href":"https:\/\/gethowies.com\/se\/wp-json\/wp\/v2\/product_brand?post=8617"},{"taxonomy":"product_cat","embeddable":true,"href":"https:\/\/gethowies.com\/se\/wp-json\/wp\/v2\/product_cat?post=8617"},{"taxonomy":"product_tag","embeddable":true,"href":"https:\/\/gethowies.com\/se\/wp-json\/wp\/v2\/product_tag?post=8617"}],"curies":[{"name":"wp","href":"https:\/\/api.w.org\/{rel}","templated":true}]}}