{"id":99,"date":"2018-08-14T20:59:34","date_gmt":"2018-08-14T18:59:34","guid":{"rendered":"https:\/\/gethowies.com\/se\/produkt\/import-placeholder-for-390\/"},"modified":"2022-06-07T15:22:59","modified_gmt":"2022-06-07T13:22:59","slug":"howies-vaxade-skridskosnoren-orange","status":"publish","type":"product","link":"https:\/\/gethowies.com\/se\/produkt\/howies-vaxade-skridskosnoren-orange\/","title":{"rendered":"Howies Vaxade Skridskosn\u00f6ren Orange"},"content":{"rendered":"<h3>H\u00f6gsta kvalit\u00e9n p\u00e5 marknaden<\/h3>\n<p>Howies Skridskosn\u00f6ren Orange Neon har samma kvalitet som v\u00e5ra vita, svarta Pro modeller och anv\u00e4nds av spelare i NHL och SHL och av spelare som enbart n\u00f6jer sig med det b\u00e4sta p\u00e5 marknaden. Howies Skridskosn\u00f6ren Orange Neon ger dina skridskor den perfekta pimpen och utseendet som lyfter dina skridskor och g\u00f6r dina lagkamrater avundsjuka. Howies Skridskosn\u00f6re Orange Neon tillverkas av en perfekt blandning av bomull och polyester som g\u00f6r dem extremt starka och har en perfekt vax yta som h\u00e5ller sn\u00f6rningen p\u00e5 plats. Vi f\u00e4rgar alla v\u00e5ra f\u00e4rgade skridskosn\u00f6ren tv\u00e5 g\u00e5nger f\u00f6r att f\u00e5 den r\u00e4tta nyansen innan vi l\u00e4gger in den svarta eller bl\u00e5 tr\u00e5den. Vi vet att ishockeyspelare inte bara vill ha r\u00e4tt skridskosn\u00f6ren, r\u00e4tt kvalitet, olika l\u00e4ngder, dem vill ocks\u00e5 ha den r\u00e4tta f\u00e4rgen, kolla nummer 8 i Washington Capitals. Vi tillverkar d\u00e4rf\u00f6r Howies Skridskosn\u00f6ren i 10 olika f\u00e4rger s\u00e5 att du kan byta ofta eller efter hum\u00f6r.<\/p>\n<h3>Snygg f\u00f6rpackning<\/h3>\n<p>Howies Skridskosn\u00f6ren Orange Neon levereras i en special designad box som h\u00e5ller skridskosn\u00f6rena fr\u00e4scha tills du skall anv\u00e4nda dem. Boxen har ocks\u00e5 en storleks guide p\u00e5 backsidan med l\u00e4ngd rekommendationer f\u00f6r olika skridsko storlekar.<\/p>\n<h3>F\u00e4rger<\/h3>\n<p>Howies Skridskosn\u00f6ren finns i f\u00f6ljande f\u00e4rger p\u00e5 v\u00e5r webbshop: Rosa, KellyGreen, SkyBlue, RoyalBlue, Lila, GreenCamo, NeonOrange, R\u00f6da, Svarta, Vita samt gula.<\/p>\n<p>Howies Skridskosn\u00f6ren Orange Neon tillverkas i <strong>Nordamerika<\/strong><\/p>\n","protected":false},"excerpt":{"rendered":"<p><font size=\"2\"color=\"black\"><strong>F\u00e4rg<\/strong> &#8211; Orange<\/font><\/p>\n<div class=\"boxarna\">\n<ul>\n<li><a href=\"..\/howies-vaxade-skridskosnoren-vita\/\">\n<div class=\"white\"><\/div>\n<p><\/a><\/li>\n<li><a href=\"..\/howies-vaxade-skridskosnoren-svarta\/\">\n<div class=\"black\">\n  <\/div>\n<p><\/a><\/li>\n<li><a href=\"..\/howies-vaxade-skridskosnoren-bla\/\">\n<div class=\"blue\">\n  <\/div>\n<p><\/a><\/li>\n<li><a href=\"..\/howies-vaxade-skridskosnoren-lila\/\">\n<div class=\"purple\">\n  <\/div>\n<p><\/a><\/li>\n<li><a href=\"..\/howies-vaxade-skridskosnoren-sky\/\">\n<div class=\"sky\">\n  <\/div>\n<p><\/a><\/li>\n<li><a href=\"..\/howies-vaxade-skridskosnoren-gron\/\">\n<div class=\"green\">\n  <\/div>\n<p><\/a><\/li>\n<li><a href=\"..\/howies-vaxade-skridskosnoren-lime\/\">\n<div class=\"neon\">\n  <\/div>\n<p><\/a><\/li>\n<li><a href=\"..\/howies-vaxade-skridskosnoren-silver\/\">\n<div class=\"silver\">\n  <\/div>\n<p><\/a><\/li>\n<li><a href=\"..\/howies-vaxade-skridskosnoren-gula\/\">\n<div class=\"yellow\">\n  <\/div>\n<p><\/a><\/li>\n<li class=\"ccurrent\"><a href=\"..\/howies-vaxade-skridskosnoren-orange\/\">\n<div class=\"orange\">\n  <\/div>\n<p><\/a><\/li>\n<li><a href=\"..\/howies-vaxade-skridskosnoren-rosa\/\">\n<div class=\"pink\">\n  <\/div>\n<p><\/a><\/li>\n<li><a href=\"..\/howies-vaxade-skridskosnoren-rod\/\">\n<div class=\"red\">\n  <\/div>\n<p><\/a><\/li>\n<li><a href=\"..\/howies-vaxade-skridskosnoren-camo\/\">\n<div class=\"camo\">\n  <\/div>\n<p><\/a><\/li>\n<\/ul>\n<\/div>\n","protected":false},"featured_media":144,"comment_status":"closed","ping_status":"closed","template":"","meta":{"inline_featured_image":false},"product_brand":[],"product_cat":[42],"product_tag":[],"class_list":{"0":"post-99","1":"product","2":"type-product","3":"status-publish","4":"has-post-thumbnail","6":"product_cat-fargade-vax","8":"first","9":"instock","10":"shipping-taxable","11":"purchasable","12":"product-type-variable","13":"has-default-attributes"},"yoast_head":"<!-- This site is optimized with the Yoast SEO plugin v27.5 - https:\/\/yoast.com\/product\/yoast-seo-wordpress\/ -->\n<title>Howies Vaxade Skridskosn\u00f6ren Orange - Howies Hockey Sverige<\/title>\n<meta name=\"robots\" content=\"index, follow, max-snippet:-1, max-image-preview:large, max-video-preview:-1\" \/>\n<link rel=\"canonical\" href=\"https:\/\/gethowies.com\/se\/produkt\/howies-vaxade-skridskosnoren-orange\/\" \/>\n<meta property=\"og:locale\" content=\"sv_SE\" \/>\n<meta property=\"og:type\" content=\"article\" \/>\n<meta property=\"og:title\" content=\"Howies Vaxade Skridskosn\u00f6ren Orange - Howies Hockey Sverige\" \/>\n<meta property=\"og:description\" content=\"F\u00e4rg - Orange\" \/>\n<meta property=\"og:url\" content=\"https:\/\/gethowies.com\/se\/produkt\/howies-vaxade-skridskosnoren-orange\/\" \/>\n<meta property=\"og:site_name\" content=\"Howies Hockey Sverige\" \/>\n<meta property=\"article:modified_time\" content=\"2022-06-07T13:22:59+00:00\" \/>\n<meta property=\"og:image\" content=\"https:\/\/gethowies.com\/se\/wp-content\/uploads\/sites\/2\/2018\/08\/hh-laces-orange-1020.jpg\" \/>\n\t<meta property=\"og:image:width\" content=\"1632\" \/>\n\t<meta property=\"og:image:height\" content=\"1632\" \/>\n\t<meta property=\"og:image:type\" content=\"image\/jpeg\" \/>\n<meta name=\"twitter:card\" content=\"summary_large_image\" \/>\n<meta name=\"twitter:label1\" content=\"Ber\u00e4knad l\u00e4stid\" \/>\n\t<meta name=\"twitter:data1\" content=\"1 minut\" \/>\n<script type=\"application\/ld+json\" class=\"yoast-schema-graph\">{\"@context\":\"https:\\\/\\\/schema.org\",\"@graph\":[{\"@type\":\"WebPage\",\"@id\":\"https:\\\/\\\/gethowies.com\\\/se\\\/produkt\\\/howies-vaxade-skridskosnoren-orange\\\/\",\"url\":\"https:\\\/\\\/gethowies.com\\\/se\\\/produkt\\\/howies-vaxade-skridskosnoren-orange\\\/\",\"name\":\"Howies Vaxade Skridskosn\u00f6ren Orange - Howies Hockey Sverige\",\"isPartOf\":{\"@id\":\"https:\\\/\\\/gethowies.com\\\/se\\\/#website\"},\"primaryImageOfPage\":{\"@id\":\"https:\\\/\\\/gethowies.com\\\/se\\\/produkt\\\/howies-vaxade-skridskosnoren-orange\\\/#primaryimage\"},\"image\":{\"@id\":\"https:\\\/\\\/gethowies.com\\\/se\\\/produkt\\\/howies-vaxade-skridskosnoren-orange\\\/#primaryimage\"},\"thumbnailUrl\":\"https:\\\/\\\/gethowies.com\\\/se\\\/wp-content\\\/uploads\\\/sites\\\/2\\\/2018\\\/08\\\/hh-laces-orange-1020.jpg\",\"datePublished\":\"2018-08-14T18:59:34+00:00\",\"dateModified\":\"2022-06-07T13:22:59+00:00\",\"breadcrumb\":{\"@id\":\"https:\\\/\\\/gethowies.com\\\/se\\\/produkt\\\/howies-vaxade-skridskosnoren-orange\\\/#breadcrumb\"},\"inLanguage\":\"sv-SE\",\"potentialAction\":[{\"@type\":\"ReadAction\",\"target\":[\"https:\\\/\\\/gethowies.com\\\/se\\\/produkt\\\/howies-vaxade-skridskosnoren-orange\\\/\"]}]},{\"@type\":\"ImageObject\",\"inLanguage\":\"sv-SE\",\"@id\":\"https:\\\/\\\/gethowies.com\\\/se\\\/produkt\\\/howies-vaxade-skridskosnoren-orange\\\/#primaryimage\",\"url\":\"https:\\\/\\\/gethowies.com\\\/se\\\/wp-content\\\/uploads\\\/sites\\\/2\\\/2018\\\/08\\\/hh-laces-orange-1020.jpg\",\"contentUrl\":\"https:\\\/\\\/gethowies.com\\\/se\\\/wp-content\\\/uploads\\\/sites\\\/2\\\/2018\\\/08\\\/hh-laces-orange-1020.jpg\",\"width\":1632,\"height\":1632},{\"@type\":\"BreadcrumbList\",\"@id\":\"https:\\\/\\\/gethowies.com\\\/se\\\/produkt\\\/howies-vaxade-skridskosnoren-orange\\\/#breadcrumb\",\"itemListElement\":[{\"@type\":\"ListItem\",\"position\":1,\"name\":\"Hem\",\"item\":\"https:\\\/\\\/gethowies.com\\\/se\\\/\"},{\"@type\":\"ListItem\",\"position\":2,\"name\":\"Shop\",\"item\":\"https:\\\/\\\/gethowies.com\\\/se\\\/shop\\\/\"},{\"@type\":\"ListItem\",\"position\":3,\"name\":\"Howies Vaxade Skridskosn\u00f6ren Orange\"}]},{\"@type\":\"WebSite\",\"@id\":\"https:\\\/\\\/gethowies.com\\\/se\\\/#website\",\"url\":\"https:\\\/\\\/gethowies.com\\\/se\\\/\",\"name\":\"Howies Hockey Sverige\",\"description\":\"\",\"potentialAction\":[{\"@type\":\"SearchAction\",\"target\":{\"@type\":\"EntryPoint\",\"urlTemplate\":\"https:\\\/\\\/gethowies.com\\\/se\\\/?s={search_term_string}\"},\"query-input\":{\"@type\":\"PropertyValueSpecification\",\"valueRequired\":true,\"valueName\":\"search_term_string\"}}],\"inLanguage\":\"sv-SE\"}]}<\/script>\n<!-- \/ Yoast SEO plugin. -->","yoast_head_json":{"title":"Howies Vaxade Skridskosn\u00f6ren Orange - Howies Hockey Sverige","robots":{"index":"index","follow":"follow","max-snippet":"max-snippet:-1","max-image-preview":"max-image-preview:large","max-video-preview":"max-video-preview:-1"},"canonical":"https:\/\/gethowies.com\/se\/produkt\/howies-vaxade-skridskosnoren-orange\/","og_locale":"sv_SE","og_type":"article","og_title":"Howies Vaxade Skridskosn\u00f6ren Orange - Howies Hockey Sverige","og_description":"F\u00e4rg - Orange","og_url":"https:\/\/gethowies.com\/se\/produkt\/howies-vaxade-skridskosnoren-orange\/","og_site_name":"Howies Hockey Sverige","article_modified_time":"2022-06-07T13:22:59+00:00","og_image":[{"width":1632,"height":1632,"url":"https:\/\/gethowies.com\/se\/wp-content\/uploads\/sites\/2\/2018\/08\/hh-laces-orange-1020.jpg","type":"image\/jpeg"}],"twitter_card":"summary_large_image","twitter_misc":{"Ber\u00e4knad l\u00e4stid":"1 minut"},"schema":{"@context":"https:\/\/schema.org","@graph":[{"@type":"WebPage","@id":"https:\/\/gethowies.com\/se\/produkt\/howies-vaxade-skridskosnoren-orange\/","url":"https:\/\/gethowies.com\/se\/produkt\/howies-vaxade-skridskosnoren-orange\/","name":"Howies Vaxade Skridskosn\u00f6ren Orange - Howies Hockey Sverige","isPartOf":{"@id":"https:\/\/gethowies.com\/se\/#website"},"primaryImageOfPage":{"@id":"https:\/\/gethowies.com\/se\/produkt\/howies-vaxade-skridskosnoren-orange\/#primaryimage"},"image":{"@id":"https:\/\/gethowies.com\/se\/produkt\/howies-vaxade-skridskosnoren-orange\/#primaryimage"},"thumbnailUrl":"https:\/\/gethowies.com\/se\/wp-content\/uploads\/sites\/2\/2018\/08\/hh-laces-orange-1020.jpg","datePublished":"2018-08-14T18:59:34+00:00","dateModified":"2022-06-07T13:22:59+00:00","breadcrumb":{"@id":"https:\/\/gethowies.com\/se\/produkt\/howies-vaxade-skridskosnoren-orange\/#breadcrumb"},"inLanguage":"sv-SE","potentialAction":[{"@type":"ReadAction","target":["https:\/\/gethowies.com\/se\/produkt\/howies-vaxade-skridskosnoren-orange\/"]}]},{"@type":"ImageObject","inLanguage":"sv-SE","@id":"https:\/\/gethowies.com\/se\/produkt\/howies-vaxade-skridskosnoren-orange\/#primaryimage","url":"https:\/\/gethowies.com\/se\/wp-content\/uploads\/sites\/2\/2018\/08\/hh-laces-orange-1020.jpg","contentUrl":"https:\/\/gethowies.com\/se\/wp-content\/uploads\/sites\/2\/2018\/08\/hh-laces-orange-1020.jpg","width":1632,"height":1632},{"@type":"BreadcrumbList","@id":"https:\/\/gethowies.com\/se\/produkt\/howies-vaxade-skridskosnoren-orange\/#breadcrumb","itemListElement":[{"@type":"ListItem","position":1,"name":"Hem","item":"https:\/\/gethowies.com\/se\/"},{"@type":"ListItem","position":2,"name":"Shop","item":"https:\/\/gethowies.com\/se\/shop\/"},{"@type":"ListItem","position":3,"name":"Howies Vaxade Skridskosn\u00f6ren Orange"}]},{"@type":"WebSite","@id":"https:\/\/gethowies.com\/se\/#website","url":"https:\/\/gethowies.com\/se\/","name":"Howies Hockey Sverige","description":"","potentialAction":[{"@type":"SearchAction","target":{"@type":"EntryPoint","urlTemplate":"https:\/\/gethowies.com\/se\/?s={search_term_string}"},"query-input":{"@type":"PropertyValueSpecification","valueRequired":true,"valueName":"search_term_string"}}],"inLanguage":"sv-SE"}]}},"_links":{"self":[{"href":"https:\/\/gethowies.com\/se\/wp-json\/wp\/v2\/product\/99","targetHints":{"allow":["GET"]}}],"collection":[{"href":"https:\/\/gethowies.com\/se\/wp-json\/wp\/v2\/product"}],"about":[{"href":"https:\/\/gethowies.com\/se\/wp-json\/wp\/v2\/types\/product"}],"replies":[{"embeddable":true,"href":"https:\/\/gethowies.com\/se\/wp-json\/wp\/v2\/comments?post=99"}],"wp:featuredmedia":[{"embeddable":true,"href":"https:\/\/gethowies.com\/se\/wp-json\/wp\/v2\/media\/144"}],"wp:attachment":[{"href":"https:\/\/gethowies.com\/se\/wp-json\/wp\/v2\/media?parent=99"}],"wp:term":[{"taxonomy":"product_brand","embeddable":true,"href":"https:\/\/gethowies.com\/se\/wp-json\/wp\/v2\/product_brand?post=99"},{"taxonomy":"product_cat","embeddable":true,"href":"https:\/\/gethowies.com\/se\/wp-json\/wp\/v2\/product_cat?post=99"},{"taxonomy":"product_tag","embeddable":true,"href":"https:\/\/gethowies.com\/se\/wp-json\/wp\/v2\/product_tag?post=99"}],"curies":[{"name":"wp","href":"https:\/\/api.w.org\/{rel}","templated":true}]}}